{"id":15,"date":"2022-11-21T11:20:00","date_gmt":"2022-11-21T11:20:00","guid":{"rendered":"https:\/\/ignition.divicoded.com\/?page_id=15"},"modified":"2025-08-29T07:17:04","modified_gmt":"2025-08-29T05:17:04","slug":"services","status":"publish","type":"page","link":"https:\/\/www.garagegerberbaetterkinden.ch\/?page_id=15","title":{"rendered":"Fahrzeuge"},"content":{"rendered":"<p>[et_pb_section fb_built=&#8220;1&#8243; custom_padding_last_edited=&#8220;on|phone&#8220; next_background_color=&#8220;#ffffff&#8220; module_class=&#8220;igni_hero_bg&#8220; _builder_version=&#8220;4.19.1&#8243; _module_preset=&#8220;default&#8220; background_color=&#8220;#1c1c1c&#8220; background_image=&#8220;https:\/\/www.garagegerberbaetterkinden.ch\/wp-content\/uploads\/2022\/11\/img-45.png&#8220; background_size=&#8220;initial&#8220; background_position=&#8220;bottom_right&#8220; custom_padding=&#8220;129px||224px||false|false&#8220; custom_padding_tablet=&#8220;80px||150px||false|false&#8220; custom_padding_phone=&#8220;60px||110px||false|false&#8220; bottom_divider_style=&#8220;curve&#8220; bottom_divider_flip=&#8220;vertical&#8220; bottom_divider_height_tablet=&#8220;70px&#8220; bottom_divider_height_phone=&#8220;50px&#8220; bottom_divider_height_last_edited=&#8220;on|phone&#8220; locked=&#8220;off&#8220; global_colors_info=&#8220;{}&#8220;][et_pb_row _builder_version=&#8220;4.19.1&#8243; _module_preset=&#8220;default&#8220; width=&#8220;90%&#8220; custom_padding=&#8220;0px||0px||true|false&#8220; global_colors_info=&#8220;{}&#8220;][et_pb_column type=&#8220;4_4&#8243; _builder_version=&#8220;4.19.1&#8243; _module_preset=&#8220;default&#8220; global_colors_info=&#8220;{}&#8220;][et_pb_text _builder_version=&#8220;4.20.2&#8243; _module_preset=&#8220;default&#8220; header_font=&#8220;|700|||||||&#8220; header_text_align=&#8220;center&#8220; header_text_color=&#8220;#FFFFFF&#8220; header_font_size=&#8220;36px&#8220; header_line_height=&#8220;42px&#8220; header_font_size_tablet=&#8220;32px&#8220; header_font_size_phone=&#8220;28px&#8220; header_font_size_last_edited=&#8220;on|tablet&#8220; header_line_height_tablet=&#8220;38px&#8220; header_line_height_phone=&#8220;34px&#8220; header_line_height_last_edited=&#8220;on|desktop&#8220; global_colors_info=&#8220;{}&#8220;]<\/p>\n<h1>Unsere Occasionen<\/h1>\n<p>[\/et_pb_text][\/et_pb_column][\/et_pb_row][\/et_pb_section][et_pb_section fb_built=&#8220;1&#8243; _builder_version=&#8220;4.20.2&#8243; _module_preset=&#8220;default&#8220; global_colors_info=&#8220;{}&#8220;][et_pb_row _builder_version=&#8220;4.20.2&#8243; _module_preset=&#8220;default&#8220; global_colors_info=&#8220;{}&#8220;][et_pb_column type=&#8220;4_4&#8243; _builder_version=&#8220;4.20.2&#8243; _module_preset=&#8220;default&#8220; global_colors_info=&#8220;{}&#8220;][et_pb_text _builder_version=&#8220;4.20.2&#8243; _module_preset=&#8220;default&#8220; text_font=&#8220;Rajdhani|700|||||||&#8220; text_font_size=&#8220;24px&#8220; text_line_height=&#8220;31px&#8220; custom_margin=&#8220;||14px||false|false&#8220; text_font_size_tablet=&#8220;22px&#8220; text_font_size_phone=&#8220;20px&#8220; text_font_size_last_edited=&#8220;on|phone&#8220; text_line_height_tablet=&#8220;29px&#8220; text_line_height_phone=&#8220;27px&#8220; text_line_height_last_edited=&#8220;on|tablet&#8220; custom_css_main_element=&#8220;color:var(&#8211;color1);&#8220; locked=&#8220;off&#8220; global_colors_info=&#8220;{}&#8220;]<\/p>\n<p>\/ Unsere aktuellen Fahrzeuge<\/p>\n<p>[\/et_pb_text][et_pb_code _builder_version=&#8220;4.27.4&#8243; _module_preset=&#8220;default&#8220; min_height=&#8220;700px&#8220; hover_enabled=&#8220;0&#8243; global_colors_info=&#8220;{}&#8220; sticky_enabled=&#8220;0&#8243;]<\/p>\n<div class=\"hci-container\" data-config-id=\"3880\" data-language=\"de\" data-entry-point=\"search\"><\/div>\n<p><script src= https:\/\/www.autoscout24.ch\/assets\/hci\/v2\/hci.current.js><\/script>[\/et_pb_code][\/et_pb_column][\/et_pb_row][\/et_pb_section][et_pb_section fb_built=&#8220;1&#8243; specialty=&#8220;on&#8220; custom_padding_last_edited=&#8220;on|phone&#8220; _builder_version=&#8220;4.20.2&#8243; _module_preset=&#8220;default&#8220; inner_width=&#8220;90%&#8220; custom_padding=&#8220;47px||47px||true|false&#8220; custom_padding_tablet=&#8220;80px||80px||true|false&#8220; custom_padding_phone=&#8220;60px||60px||true|false&#8220; global_module=&#8220;226289&#8243; locked=&#8220;off&#8220; global_colors_info=&#8220;{}&#8220;][et_pb_column type=&#8220;1_2&#8243; specialty_columns=&#8220;2&#8243; _builder_version=&#8220;4.16&#8243; custom_padding=&#8220;|||&#8220; global_colors_info=&#8220;{}&#8220; custom_padding__hover=&#8220;|||&#8220;][et_pb_row_inner _builder_version=&#8220;4.19.1&#8243; _module_preset=&#8220;default&#8220; custom_padding=&#8220;0px||0px||true|false&#8220; custom_css_main_element=&#8220;display:flex;||align-items:center;&#8220; locked=&#8220;off&#8220; global_colors_info=&#8220;{}&#8220; custom_css_main_element_last_edited=&#8220;on|tablet&#8220; custom_css_main_element_tablet=&#8220;display:block;&#8220; custom_css_main_element_phone=&#8220;display:block;&#8220;][et_pb_column_inner saved_specialty_column_type=&#8220;1_2&#8243; _builder_version=&#8220;4.19.1&#8243; _module_preset=&#8220;default&#8220; global_colors_info=&#8220;{}&#8220;][et_pb_text _builder_version=&#8220;4.20.2&#8243; _module_preset=&#8220;default&#8220; text_font=&#8220;Rajdhani|700|||||||&#8220; text_font_size=&#8220;24px&#8220; text_line_height=&#8220;31px&#8220; custom_margin=&#8220;||14px||false|false&#8220; text_font_size_tablet=&#8220;22px&#8220; text_font_size_phone=&#8220;20px&#8220; text_font_size_last_edited=&#8220;on|phone&#8220; text_line_height_tablet=&#8220;29px&#8220; text_line_height_phone=&#8220;27px&#8220; text_line_height_last_edited=&#8220;on|tablet&#8220; custom_css_main_element=&#8220;color:var(&#8211;color1);&#8220; locked=&#8220;off&#8220; global_colors_info=&#8220;{}&#8220;]<\/p>\n<p>\/ Wir bieten auch Neuwagen<\/p>\n<p>[\/et_pb_text][et_pb_blurb title=&#8220;Wir unterst\u00fctzen Sie bei der Suche nach Ihrem Traumauto&#8220; _builder_version=&#8220;4.20.2&#8243; _module_preset=&#8220;default&#8220; header_level=&#8220;h2&#8243; header_font=&#8220;|700|||||||&#8220; header_text_color=&#8220;#1c1c1c&#8220; header_font_size=&#8220;50px&#8220; header_line_height=&#8220;64px&#8220; body_line_height=&#8220;26px&#8220; header_font_size_tablet=&#8220;42px&#8220; header_font_size_phone=&#8220;34px&#8220; header_font_size_last_edited=&#8220;on|phone&#8220; header_line_height_tablet=&#8220;52px&#8220; header_line_height_phone=&#8220;44px&#8220; header_line_height_last_edited=&#8220;on|desktop&#8220; custom_css_blurb_title=&#8220;padding-bottom:12px;||max-width:500px;&#8220; custom_css_blurb_content=&#8220;max-width:none!important;||font-weight:400;&#8220; global_colors_info=&#8220;{}&#8220;]<\/p>\n<p><span>Wir sind der Meinung, dass der Kauf eines Autos eine Zusammenarbeit zwischen dem Kunden und dem H\u00e4ndler sein sollte. Wir m\u00f6chten, dass Sie sich bei uns wohl f\u00fchlen und dass Sie uns Ihre W\u00fcnsche und Bed\u00fcrfnisse mitteilen. Dadurch k\u00f6nnen wir Sie auf der Suche nach Ihrem passenden Fahrzeug unters\u00fctzen.<\/span><\/p>\n<p><span>Unser Team von erfahrenen Mitarbeitern steht Ihnen jederzeit zur Verf\u00fcgung, um Ihnen bei der Auswahl des richtigen Autos zu helfen. Wir werden Ihnen alle Informationen zur Verf\u00fcgung stellen, die Sie ben\u00f6tigen, um eine fundierte Entscheidung zu treffen. Wir werden Ihnen auch alle verf\u00fcgbaren Optionen zeigen, damit Sie das Auto finden, das Ihren Anforderungen entspricht.<\/span><\/p>\n<p>[\/et_pb_blurb][\/et_pb_column_inner][\/et_pb_row_inner][\/et_pb_column][et_pb_column type=&#8220;1_2&#8243; _builder_version=&#8220;4.16&#8243; custom_padding=&#8220;|||&#8220; global_colors_info=&#8220;{}&#8220; custom_padding__hover=&#8220;|||&#8220;][et_pb_image src=&#8220;https:\/\/www.garagegerberbaetterkinden.ch\/wp-content\/uploads\/2023\/05\/Diverse-2_387-452-scaled.jpg&#8220; alt=&#8220;img-10&#8243; title_text=&#8220;Diverse (2)_387-452&#8243; align=&#8220;center&#8220; align_tablet=&#8220;center&#8220; align_phone=&#8220;center&#8220; align_last_edited=&#8220;on|tablet&#8220; _builder_version=&#8220;4.20.2&#8243; _module_preset=&#8220;default&#8220; custom_margin=&#8220;||0px||false|false&#8220; custom_padding_tablet=&#8220;||50px||false|false&#8220; custom_padding_phone=&#8220;||0px||false|false&#8220; custom_padding_last_edited=&#8220;on|phone&#8220; custom_css_main_element=&#8220;margin-left:50px;&#8220; border_radii=&#8220;on|6px|6px|6px|6px&#8220; global_colors_info=&#8220;{}&#8220; custom_css_main_element_last_edited=&#8220;on|tablet&#8220; custom_css_main_element_tablet=&#8220;margin-left:0px;&#8220; custom_css_main_element_phone=&#8220;margin-left:0px;&#8220;][\/et_pb_image][\/et_pb_column][\/et_pb_section][et_pb_section fb_built=&#8220;1&#8243; custom_padding_last_edited=&#8220;on|phone&#8220; _builder_version=&#8220;4.20.2&#8243; _module_preset=&#8220;default&#8220; background_color=&#8220;#1c1c1c&#8220; background_image=&#8220;https:\/\/www.garagegerberbaetterkinden.ch\/wp-content\/uploads\/2023\/05\/img-35_orange.png&#8220; custom_padding=&#8220;139px||139px||true|false&#8220; custom_padding_tablet=&#8220;80px||80px||true|false&#8220; custom_padding_phone=&#8220;60px||60px||true|false&#8220; global_module=&#8220;226230&#8243; saved_tabs=&#8220;all&#8220; global_colors_info=&#8220;{}&#8220;][et_pb_row _builder_version=&#8220;4.19.1&#8243; _module_preset=&#8220;default&#8220; width=&#8220;90%&#8220; custom_padding=&#8220;0px||0px||true|false&#8220; custom_css_main_element=&#8220;display:block;&#8220; global_colors_info=&#8220;{}&#8220;][et_pb_column type=&#8220;4_4&#8243; _builder_version=&#8220;4.19.1&#8243; _module_preset=&#8220;default&#8220; custom_css_main_element=&#8220;display:flex;||align-items:center;||gap:30px;||    justify-content: space-between;&#8220; global_colors_info=&#8220;{}&#8220; custom_css_main_element_last_edited=&#8220;on|tablet&#8220; custom_css_main_element_tablet=&#8220;display:block&#8220; custom_css_main_element_phone=&#8220;display:block&#8220;][et_pb_blurb title=&#8220;Fragen kostet nichts. Kontaktieren Sie uns.&#8220; _builder_version=&#8220;4.20.2&#8243; _module_preset=&#8220;default&#8220; header_level=&#8220;h2&#8243; header_font=&#8220;|700|||||||&#8220; header_text_color=&#8220;#FFFFFF&#8220; header_font_size=&#8220;48px&#8220; header_line_height=&#8220;61px&#8220; body_line_height=&#8220;26px&#8220; custom_margin=&#8220;||0px||false|false&#8220; header_font_size_tablet=&#8220;42px&#8220; header_font_size_phone=&#8220;34px&#8220; header_font_size_last_edited=&#8220;on|phone&#8220; header_line_height_tablet=&#8220;52px&#8220; header_line_height_phone=&#8220;44px&#8220; header_line_height_last_edited=&#8220;on|desktop&#8220; text_orientation_tablet=&#8220;center&#8220; text_orientation_phone=&#8220;center&#8220; text_orientation_last_edited=&#8220;on|tablet&#8220; custom_css_blurb_title=&#8220;padding-bottom:0;&#8220; custom_css_blurb_content=&#8220;max-width:520px!important;||font-weight:400;&#8220; locked=&#8220;off&#8220; global_colors_info=&#8220;{}&#8220;][\/et_pb_blurb][et_pb_icon font_icon=&#8220;&#xf086;||fa||400&#8243; icon_color=&#8220;#FFFFFF&#8220; icon_width=&#8220;30px&#8220; _builder_version=&#8220;4.19.1&#8243; _module_preset=&#8220;default&#8220; custom_margin=&#8220;|50px|0px|50px|false|true&#8220; custom_margin_tablet=&#8220;||||false|true&#8220; custom_margin_phone=&#8220;||||false|true&#8220; custom_margin_last_edited=&#8220;on|tablet&#8220; custom_padding=&#8220;|||0px|false|false&#8220; custom_css_before=&#8220;content:&#8220;;||top:50%;||right:-50px;||position:absolute;||height:1px;||width:50px;||background-color:#fff;||opacity:0.1;&#8220; custom_css_main_element=&#8220;padding:16px;||background-color:var(&#8211;color2);||border-radius:50%;||max-width:114px;&#8220; custom_css_after=&#8220;content:&#8220;;||top:50%;||left:-50px;||position:absolute;||height:1px;||width:50px;||background-color:#fff;||opacity:0.1;&#8220; custom_css_icon_element=&#8220;width: 82px;||height: 82px;||line-height:82px;||background-color:var(&#8211;color1);||border-radius:50%;&#8220; global_colors_info=&#8220;{}&#8220; custom_css_main_element_last_edited=&#8220;on|phone&#8220; custom_css_main_element_tablet=&#8220;padding:16px;||background-color:var(&#8211;color2);||border-radius:50%;||max-width:114px;||margin:30px auto 50px!important;&#8220; custom_css_main_element_phone=&#8220;padding:16px;||background-color:var(&#8211;color2);||border-radius:50%;||max-width:114px;||margin:30px auto!important;&#8220;][\/et_pb_icon][et_pb_blurb title=&#8220;+41 32 665 45 56&#8243; _builder_version=&#8220;4.27.4&#8243; _module_preset=&#8220;default&#8220; header_font=&#8220;|700|||||||&#8220; header_text_color=&#8220;#FFFFFF&#8220; header_font_size=&#8220;48px&#8220; header_line_height=&#8220;61px&#8220; body_font=&#8220;Rajdhani|700|||||||&#8220; body_font_size=&#8220;36px&#8220; body_line_height=&#8220;48px&#8220; custom_padding=&#8220;|||55px|false|false&#8220; header_font_size_tablet=&#8220;40px&#8220; header_font_size_phone=&#8220;30px&#8220; header_font_size_last_edited=&#8220;on|phone&#8220; header_line_height_tablet=&#8220;50px&#8220; header_line_height_phone=&#8220;40px&#8220; header_line_height_last_edited=&#8220;on|tablet&#8220; body_font_size_tablet=&#8220;30px&#8220; body_font_size_phone=&#8220;22px&#8220; body_font_size_last_edited=&#8220;on|phone&#8220; body_line_height_tablet=&#8220;40px&#8220; body_line_height_phone=&#8220;32px&#8220; body_line_height_last_edited=&#8220;on|phone&#8220; custom_css_before=&#8220;content:&#8220;;||width: 222px;||height: 222px;||top:-50px;||background-color:var(&#8211;color2);||position:absolute;||left:0;||border-radius:50%;&#8220; custom_css_blurb_title=&#8220;padding:0;&#8220; custom_css_blurb_content=&#8220;max-width:415px!important;||margin-right:0!important;||margin-left:auto!important;&#8220; global_colors_info=&#8220;{}&#8220; custom_css_blurb_content_last_edited=&#8220;on|tablet&#8220; custom_css_blurb_content_tablet=&#8220;max-width:415px!important;||margin-right:auto!important;||margin-left:auto!important;&#8220; custom_css_main_element_last_edited=&#8220;on|phone&#8220; custom_css_main_element_tablet=&#8220;    max-width: fit-content;||    margin: auto;&#8220; custom_css_before_last_edited=&#8220;on|tablet&#8220; custom_css_before_tablet=&#8220;content:&#8220;;||width: 150px;||height: 150px;||top:-28px;||background-color:var(&#8211;color2);||position:absolute;||left:0;||border-radius:50%;&#8220; custom_css_before_phone=&#8220;content:&#8220;;||width: 100px;||height: 100px;||top:-10px;||background-color:var(&#8211;color2);||position:absolute;||left:0;||border-radius:50%;&#8220; custom_css_blurb_content_phone=&#8220;max-width:415px!important;||margin-right:auto!important;||margin-left:auto!important;&#8220; custom_css_main_element_phone=&#8220;    max-width: fit-content;||    margin: auto;&#8220;]<\/p>\n<p><span style=\"color: #ffffff;\"><a href=\"mailto:gerber@garageplus.ch\" style=\"color: #ffffff;\">gerber@garageplus.ch<\/a><br \/><a href=\"https:\/\/wa.me\/41774386513\" style=\"color: #ffffff;\">Whatsapp-Chat<\/a><\/span><\/p>\n<p>[\/et_pb_blurb][\/et_pb_column][\/et_pb_row][et_pb_row _builder_version=&#8220;4.20.2&#8243; _module_preset=&#8220;default&#8220; width=&#8220;90%&#8220; custom_padding=&#8220;0px||0px||true|false&#8220; custom_css_main_element=&#8220;display:block;&#8220; global_colors_info=&#8220;{}&#8220;][et_pb_column type=&#8220;4_4&#8243; _builder_version=&#8220;4.19.1&#8243; _module_preset=&#8220;default&#8220; custom_css_main_element=&#8220;display:flex;||align-items:center;||gap:30px;||    justify-content: space-between;&#8220; global_colors_info=&#8220;{}&#8220; custom_css_main_element_last_edited=&#8220;on|tablet&#8220; custom_css_main_element_tablet=&#8220;display:block&#8220; custom_css_main_element_phone=&#8220;display:block&#8220;][et_pb_button button_url=&#8220;@ET-DC@eyJkeW5hbWljIjp0cnVlLCJjb250ZW50IjoicG9zdF9saW5rX3VybF9wYWdlIiwic2V0dGluZ3MiOnsicG9zdF9pZCI6IjE4In19@&#8220; button_text=&#8220;Termin vereinbaren&#8220; button_alignment=&#8220;right&#8220; button_alignment_tablet=&#8220;right&#8220; button_alignment_phone=&#8220;center&#8220; button_alignment_last_edited=&#8220;on|phone&#8220; disabled_on=&#8220;off|off|off&#8220; _builder_version=&#8220;4.20.2&#8243; _dynamic_attributes=&#8220;button_url&#8220; _module_preset=&#8220;default&#8220; custom_button=&#8220;on&#8220; button_text_size=&#8220;16px&#8220; button_text_color=&#8220;#FFFFFF&#8220; button_border_width=&#8220;1px&#8220; button_border_color=&#8220;#FFFFFF&#8220; button_border_radius=&#8220;8px&#8220; button_font=&#8220;Rajdhani||||||||&#8220; button_on_hover=&#8220;off&#8220; custom_margin=&#8220;|50px|0px||false|false&#8220; custom_margin_last_edited=&#8220;off|desktop&#8220; custom_padding=&#8220;13px|23px|13px|23px|true|true&#8220; custom_css_before=&#8220;content:&#8220;;||top:0;||height:100%;||width:5px;||position:absolute;||left:0;||background-color:var(&#8211;color1);||visibility:visible!important;||opacity:1!important;||display:block!important;||    margin: 0;||    z-index: -1;||    border-radius: 7px 0 0 7px;||transition:all .5s ease;&#8220; custom_css_main_element=&#8220;position:relative;||&#8220; custom_css_after=&#8220;content:none;&#8220; locked=&#8220;off&#8220; global_colors_info=&#8220;{}&#8220; custom_css_before__hover_enabled=&#8220;on|desktop&#8220; custom_css_before__hover=&#8220;width:100%;||border-radius:7px;&#8220;][\/et_pb_button][\/et_pb_column][\/et_pb_row][\/et_pb_section]<\/p>\n","protected":false},"excerpt":{"rendered":"<p>Unsere Occasionen\/ Unsere aktuellen Fahrzeuge\/ Wir bieten auch NeuwagenWir sind der Meinung, dass der Kauf eines Autos eine Zusammenarbeit zwischen dem Kunden und dem H\u00e4ndler sein sollte. Wir m\u00f6chten, dass Sie sich bei uns wohl f\u00fchlen und dass Sie uns Ihre W\u00fcnsche und Bed\u00fcrfnisse mitteilen. Dadurch k\u00f6nnen wir Sie auf der Suche nach Ihrem passenden [&hellip;]<\/p>\n","protected":false},"author":1,"featured_media":0,"parent":0,"menu_order":0,"comment_status":"closed","ping_status":"closed","template":"","meta":{"_et_pb_use_builder":"on","_et_pb_old_content":"<!-- wp:divi\/placeholder \/-->","_et_gb_content_width":"","_monsterinsights_skip_tracking":false,"_monsterinsights_sitenote_active":false,"_monsterinsights_sitenote_note":"","_monsterinsights_sitenote_category":0,"footnotes":""},"class_list":["post-15","page","type-page","status-publish","hentry"],"aioseo_notices":[],"_links":{"self":[{"href":"https:\/\/www.garagegerberbaetterkinden.ch\/index.php?rest_route=\/wp\/v2\/pages\/15","targetHints":{"allow":["GET"]}}],"collection":[{"href":"https:\/\/www.garagegerberbaetterkinden.ch\/index.php?rest_route=\/wp\/v2\/pages"}],"about":[{"href":"https:\/\/www.garagegerberbaetterkinden.ch\/index.php?rest_route=\/wp\/v2\/types\/page"}],"author":[{"embeddable":true,"href":"https:\/\/www.garagegerberbaetterkinden.ch\/index.php?rest_route=\/wp\/v2\/users\/1"}],"replies":[{"embeddable":true,"href":"https:\/\/www.garagegerberbaetterkinden.ch\/index.php?rest_route=%2Fwp%2Fv2%2Fcomments&post=15"}],"version-history":[{"count":23,"href":"https:\/\/www.garagegerberbaetterkinden.ch\/index.php?rest_route=\/wp\/v2\/pages\/15\/revisions"}],"predecessor-version":[{"id":226390,"href":"https:\/\/www.garagegerberbaetterkinden.ch\/index.php?rest_route=\/wp\/v2\/pages\/15\/revisions\/226390"}],"wp:attachment":[{"href":"https:\/\/www.garagegerberbaetterkinden.ch\/index.php?rest_route=%2Fwp%2Fv2%2Fmedia&parent=15"}],"curies":[{"name":"wp","href":"https:\/\/api.w.org\/{rel}","templated":true}]}}