{"id":226092,"date":"2023-04-05T18:16:12","date_gmt":"2023-04-05T18:16:12","guid":{"rendered":"https:\/\/www.garagegerberbaetterkinden.ch\/?page_id=226092"},"modified":"2023-05-30T18:47:49","modified_gmt":"2023-05-30T18:47:49","slug":"impressum","status":"publish","type":"page","link":"https:\/\/www.garagegerberbaetterkinden.ch\/?page_id=226092","title":{"rendered":"Impressum"},"content":{"rendered":"<p>[et_pb_section fb_built=&#8220;1&#8243; custom_padding_last_edited=&#8220;on|phone&#8220; next_background_color=&#8220;#ffffff&#8220; _builder_version=&#8220;4.19.1&#8243; _module_preset=&#8220;default&#8220; background_color=&#8220;#1c1c1c&#8220; background_image=&#8220;https:\/\/www.garagegerberbaetterkinden.ch\/wp-content\/uploads\/2022\/11\/img-45.png&#8220; background_size=&#8220;initial&#8220; background_position=&#8220;bottom_right&#8220; custom_padding=&#8220;129px||224px||false|false&#8220; custom_padding_tablet=&#8220;80px||150px||false|false&#8220; custom_padding_phone=&#8220;60px||110px||false|false&#8220; bottom_divider_style=&#8220;curve&#8220; bottom_divider_flip=&#8220;vertical&#8220; bottom_divider_height_tablet=&#8220;70px&#8220; bottom_divider_height_phone=&#8220;50px&#8220; bottom_divider_height_last_edited=&#8220;on|phone&#8220; locked=&#8220;off&#8220; global_colors_info=&#8220;{}&#8220;][et_pb_row _builder_version=&#8220;4.19.1&#8243; _module_preset=&#8220;default&#8220; width=&#8220;90%&#8220; custom_padding=&#8220;0px||0px||true|false&#8220; global_colors_info=&#8220;{}&#8220;][et_pb_column type=&#8220;4_4&#8243; _builder_version=&#8220;4.19.1&#8243; _module_preset=&#8220;default&#8220; global_colors_info=&#8220;{}&#8220;][et_pb_text _builder_version=&#8220;4.20.2&#8243; _module_preset=&#8220;default&#8220; header_font=&#8220;|700|||||||&#8220; header_text_align=&#8220;center&#8220; header_text_color=&#8220;#FFFFFF&#8220; header_font_size=&#8220;36px&#8220; header_line_height=&#8220;42px&#8220; header_font_size_tablet=&#8220;32px&#8220; header_font_size_phone=&#8220;28px&#8220; header_font_size_last_edited=&#8220;on|tablet&#8220; header_line_height_tablet=&#8220;38px&#8220; header_line_height_phone=&#8220;34px&#8220; header_line_height_last_edited=&#8220;on|desktop&#8220; global_colors_info=&#8220;{}&#8220;]<\/p>\n<h1>Impressum<\/h1>\n<p>[\/et_pb_text][\/et_pb_column][\/et_pb_row][\/et_pb_section][et_pb_section fb_built=&#8220;1&#8243; custom_padding_last_edited=&#8220;on|tablet&#8220; _builder_version=&#8220;4.19.1&#8243; _module_preset=&#8220;default&#8220; custom_padding=&#8220;0px||13px||false|false&#8220; custom_padding_tablet=&#8220;40px||80px||false|false&#8220; custom_padding_phone=&#8220;30px||60px||false|false&#8220; locked=&#8220;off&#8220; global_colors_info=&#8220;{}&#8220;][et_pb_row _builder_version=&#8220;4.20.2&#8243; _module_preset=&#8220;default&#8220; global_colors_info=&#8220;{}&#8220;][et_pb_column type=&#8220;4_4&#8243; _builder_version=&#8220;4.20.2&#8243; _module_preset=&#8220;default&#8220; global_colors_info=&#8220;{}&#8220;][et_pb_text _builder_version=&#8220;4.21.0&#8243; _module_preset=&#8220;default&#8220; hover_enabled=&#8220;0&#8243; global_colors_info=&#8220;{}&#8220; sticky_enabled=&#8220;0&#8243;]<\/p>\n<p><b>Verantwortliche Instanz:<\/b><br \/><span>Garage Gerber AG B\u00e4tterkinden<\/span><br \/><span>Bernstrasse 2<\/span><br \/><span>B\u00e4tterkinden 3315<\/span><br \/><span>Schweiz<\/span><br \/><strong>E-Mail<\/strong><span>: gerber@garageplus.ch<\/span><\/p>\n<p><strong>Vertretungsberechtigte Personen<\/strong><br \/><span>Joel L\u00e4derach<\/span><\/p>\n<p><strong>Name des Unternehmens<\/strong><span>: Garage Gerber AG B\u00e4tterkinden<\/span><br \/><strong>Umsatzsteuer-Identifikationsnummer<\/strong><span>:\u00a0<\/span><span style=\"font-size: 16px;\">CHE-140.509.598<\/span><\/p>\n<p><strong>Haftungsausschluss<\/strong><br \/><span>Der Autor \u00fcbernimmt keine Gew\u00e4hr f\u00fcr die Richtigkeit, Genauigkeit, Aktualit\u00e4t, Zuverl\u00e4ssigkeit und Vollst\u00e4ndigkeit der Informationen.<\/span><br \/><span>Haftungsanspr\u00fcche gegen den Autor wegen Sch\u00e4den materieller oder immaterieller Art, die aus dem Zugriff oder der Nutzung bzw. Nichtnutzung der ver\u00f6ffentlichten Informationen, durch Missbrauch der Verbindung oder durch technische St\u00f6rungen entstanden sind, werden ausgeschlossen.<\/span><\/p>\n<p><span>Alle Angebote sind freibleibend. Der Autor beh\u00e4lt es sich ausdr\u00fccklich vor, Teile der Seiten oder das gesamte Angebot ohne gesonderte Ank\u00fcndigung zu ver\u00e4ndern, zu erg\u00e4nzen, zu l\u00f6schen oder die Ver\u00f6ffentlichung zeitweise oder endg\u00fcltig einzustellen.<\/span><\/p>\n<p><strong>Haftungsausschluss f\u00fcr Inhalte und Links<\/strong><br \/><span>Verweise und Links auf Webseiten Dritter liegen ausserhalb unseres Verantwortungsbereichs. Es wird jegliche Verantwortung f\u00fcr solche Webseiten abgelehnt. Der Zugriff und die Nutzung solcher Webseiten erfolgen auf eigene Gefahr des jeweiligen Nutzers.<\/span><\/p>\n<p><strong>Urheberrechtserkl\u00e4rung<\/strong><br \/><span>Die Urheber- und alle anderen Rechte an Inhalten, Bildern, Fotos oder anderen Dateien auf dieser Website, geh\u00f6ren ausschliesslich Garage Gerber AG B\u00e4tterkinden oder den speziell genannten Rechteinhabern. F\u00fcr die Reproduktion jeglicher Elemente ist die schriftliche Zustimmung des Urheberrechtstr\u00e4gers im Voraus einzuholen.<\/span><\/p>\n<p><span><strong>Bildquellen<br \/><\/strong>G\u00fcnter Hempen, eigene Aufnahmen<\/span><\/p>\n<p>[\/et_pb_text][\/et_pb_column][\/et_pb_row][\/et_pb_section]<\/p>\n","protected":false},"excerpt":{"rendered":"<p>ImpressumVerantwortliche Instanz:Garage Gerber AG B\u00e4tterkindenBernstrasse 2B\u00e4tterkinden 3315SchweizE-Mail: gerber@garageplus.ch Vertretungsberechtigte PersonenJoel L\u00e4derach Name des Unternehmens: Garage Gerber AG B\u00e4tterkindenUmsatzsteuer-Identifikationsnummer:\u00a0CHE-140.509.598 HaftungsausschlussDer Autor \u00fcbernimmt keine Gew\u00e4hr f\u00fcr die Richtigkeit, Genauigkeit, Aktualit\u00e4t, Zuverl\u00e4ssigkeit und Vollst\u00e4ndigkeit der Informationen.Haftungsanspr\u00fcche gegen den Autor wegen Sch\u00e4den materieller oder immaterieller Art, die aus dem Zugriff oder der Nutzung bzw. Nichtnutzung der ver\u00f6ffentlichten Informationen, durch [&hellip;]<\/p>\n","protected":false},"author":1,"featured_media":0,"parent":0,"menu_order":0,"comment_status":"closed","ping_status":"closed","template":"","meta":{"_et_pb_use_builder":"on","_et_pb_old_content":"","_et_gb_content_width":"","_monsterinsights_skip_tracking":false,"_monsterinsights_sitenote_active":false,"_monsterinsights_sitenote_note":"","_monsterinsights_sitenote_category":0,"footnotes":""},"class_list":["post-226092","page","type-page","status-publish","hentry"],"aioseo_notices":[],"_links":{"self":[{"href":"https:\/\/www.garagegerberbaetterkinden.ch\/index.php?rest_route=\/wp\/v2\/pages\/226092","targetHints":{"allow":["GET"]}}],"collection":[{"href":"https:\/\/www.garagegerberbaetterkinden.ch\/index.php?rest_route=\/wp\/v2\/pages"}],"about":[{"href":"https:\/\/www.garagegerberbaetterkinden.ch\/index.php?rest_route=\/wp\/v2\/types\/page"}],"author":[{"embeddable":true,"href":"https:\/\/www.garagegerberbaetterkinden.ch\/index.php?rest_route=\/wp\/v2\/users\/1"}],"replies":[{"embeddable":true,"href":"https:\/\/www.garagegerberbaetterkinden.ch\/index.php?rest_route=%2Fwp%2Fv2%2Fcomments&post=226092"}],"version-history":[{"count":4,"href":"https:\/\/www.garagegerberbaetterkinden.ch\/index.php?rest_route=\/wp\/v2\/pages\/226092\/revisions"}],"predecessor-version":[{"id":226333,"href":"https:\/\/www.garagegerberbaetterkinden.ch\/index.php?rest_route=\/wp\/v2\/pages\/226092\/revisions\/226333"}],"wp:attachment":[{"href":"https:\/\/www.garagegerberbaetterkinden.ch\/index.php?rest_route=%2Fwp%2Fv2%2Fmedia&parent=226092"}],"curies":[{"name":"wp","href":"https:\/\/api.w.org\/{rel}","templated":true}]}}